{"id":10,"date":"2024-03-13T19:13:24","date_gmt":"2024-03-13T18:13:24","guid":{"rendered":"https:\/\/voltepravyblok.cz\/?page_id=10"},"modified":"2025-11-06T19:14:13","modified_gmt":"2025-11-06T18:14:13","slug":"kontakt","status":"publish","type":"page","link":"http:\/\/voltepravyblok.cz\/?page_id=10","title":{"rendered":"Kontakt"},"content":{"rendered":"<p><b><u>NEBLOKOVAN\u00dd OSOBN\u00cd KONTAKT PRO AKTIVN\u00cd POLITICK\u00c9 SYMPATIZANTY: <\/u><\/b><br \/>\nJedin\u00e1 mo\u017enost je ka\u017ed\u00fd rok ve st\u00e1tn\u00ed sv\u00e1tky 1. 5. a 28. 10. v Praze na<br \/>\nStrossmayerov\u011b n\u00e1m\u011bst\u00ed p\u0159ed kostelem sv. Anton\u00edna od 10 do 12 hodin.<br \/>\n<u>Filtrovan\u00fd kontakt<\/u>: Volte Prav\u00fd Blok <a href=\"http:\/\/www.cibulka.net\">www.cibulka.net<\/a>, P. O. BOX 595, 170 00 Praha.<br \/>\n<u>Filtrovan\u00fd mailov\u00fd kontakt<\/u>: <a href=\"mailto:Petr.Cibulka@pravyblok.cz\"><b>Petr.Cibulka@PravyBlok.cz<\/b><\/a>.<\/p>\n<p>&nbsp;<\/p>\n<p>&nbsp;<\/p>\n<div class='fluentform ff-default fluentform_wrapper_3 ffs_default_wrap'><form data-form_id=\"3\" id=\"fluentform_3\" class=\"frm-fluent-form fluent_form_3 ff-el-form-top ff_form_instance_3_1 ff-form-loading ffs_default\" data-form_instance=\"ff_form_instance_3_1\" method=\"POST\" ><fieldset  style=\"border: none!important;margin: 0!important;padding: 0!important;background-color: transparent!important;box-shadow: none!important;outline: none!important; min-inline-size: 100%;\">\n                    <legend class=\"ff_screen_reader_title\" style=\"display: block; margin: 0!important;padding: 0!important;height: 0!important;text-indent: -999999px;width: 0!important;overflow:hidden;\">Darovac\u00ed formula\u0159<\/legend><input type='hidden' name='__fluent_form_embded_post_id' value='10' \/><input type=\"hidden\" id=\"_fluentform_3_fluentformnonce\" name=\"_fluentform_3_fluentformnonce\" value=\"87856aa81d\" \/><input type=\"hidden\" name=\"_wp_http_referer\" value=\"\/index.php?rest_route=%2Fwp%2Fv2%2Fpages%2F10\" \/><div class='ff-el-group  ff-custom_html' tabindex='-1' data-name=\"custom_html-3_1\" ><p style=\"text-align: center\"><strong>Z\u00e1kon vy\u017eaduje, abychom evidovali ka\u017ed\u00e9ho d\u00e1rce. Pokud jste poslali \u010di po\u0161lete dar, tak moc pros\u00edme o vypln\u011bn\u00ed n\u00e1sleduj\u00edc\u00edho formul\u00e1\u0159e.\u00a0<br \/>Za ka\u017ed\u00fd dar velmi d\u011bkujeme, je velmi pot\u0159ebn\u00fd pro na\u0161\u00ed politickou pr\u00e1ci.<\/strong><\/p><\/div><div data-type=\"name-element\" data-name=\"names\" class=\" ff-field_container ff-name-field-wrapper\" ><div class='ff-t-container'><div class='ff-t-cell '><div class='ff-el-group'><div class=\"ff-el-input--label ff-el-is-required asterisk-right\"><label for='ff_3_names_first_name_' >Jm\u00e9no<\/label><\/div><div class='ff-el-input--content'><input type=\"text\" name=\"names[first_name]\" id=\"ff_3_names_first_name_\" class=\"ff-el-form-control\" aria-invalid=\"false\" aria-required=true><\/div><\/div><\/div><div class='ff-t-cell '><div class='ff-el-group'><div class=\"ff-el-input--label ff-el-is-required asterisk-right\"><label for='ff_3_names_last_name_' >P\u0159\u00edjmen\u00ed<\/label><\/div><div class='ff-el-input--content'><input type=\"text\" name=\"names[last_name]\" id=\"ff_3_names_last_name_\" class=\"ff-el-form-control\" aria-invalid=\"false\" aria-required=true><\/div><\/div><\/div><\/div><\/div><div data-name=\"ff_cn_id_1\"  class='ff-t-container ff-column-container ff_columns_total_2  '><div class='ff-t-cell ff-t-column-1' style='flex-basis: 50%;'><div class='ff-el-group'><div class=\"ff-el-input--label asterisk-right\"><label for='ff_3_input_text_2' aria-label=\"Telefon\">Telefon<\/label><\/div><div class='ff-el-input--content'><input type=\"text\" name=\"input_text_2\" class=\"ff-el-form-control\" data-name=\"input_text_2\" id=\"ff_3_input_text_2\"  aria-invalid=\"false\" aria-required=false><\/div><\/div><\/div><div class='ff-t-cell ff-t-column-2' style='flex-basis: 50%;'><div class='ff-el-group'><div class=\"ff-el-input--label asterisk-right\"><label for='ff_3_email' aria-label=\"Email\">Email<\/label><\/div><div class='ff-el-input--content'><input type=\"email\" name=\"email\" id=\"ff_3_email\" class=\"ff-el-form-control\" data-name=\"email\"  aria-invalid=\"false\" aria-required=false><\/div><\/div><\/div><\/div><div class=\"ff-name-address-wrapper fluent-address\" data-type=\"address-element\" data-name=\"address1\" ><div class='ff-el-input--label'><label aria-label=\"Va\u0161e adresa dle ob\u010dansk\u00e9ho pr\u016fkazu\">Va\u0161e adresa dle ob\u010dansk\u00e9ho pr\u016fkazu<\/label><\/div><div class='ff-el-input--content'><div class='ff-t-container'><div class='ff-t-cell'><div class='ff-el-group'><div class=\"ff-el-input--label ff-el-is-required asterisk-right\"><label for='ff_3_address1_address_line_1_' aria-label=\"Ulice\/Obec s \u010d.p.\">Ulice\/Obec s \u010d.p.<\/label><\/div><div class='ff-el-input--content'><input type=\"text\" name=\"address1[address_line_1]\" id=\"ff_3_address1_address_line_1_\" class=\"ff-el-form-control\" data-key_name=\"address_line_1\"  aria-invalid=\"false\" aria-required=true><\/div><\/div><\/div><div class='ff-t-cell'><div class='ff-el-group'><div class=\"ff-el-input--label ff-el-is-required asterisk-right\"><label for='ff_3_address1_address_line_2_' aria-label=\"M\u011bsto\/Obec\">M\u011bsto\/Obec<\/label><\/div><div class='ff-el-input--content'><input type=\"text\" name=\"address1[address_line_2]\" id=\"ff_3_address1_address_line_2_\" class=\"ff-el-form-control\" data-key_name=\"address_line_2\"  aria-invalid=\"false\" aria-required=true><\/div><\/div><\/div><\/div><div class='ff-t-container'><div class='ff-t-cell'><div class='ff-el-group'><div class=\"ff-el-input--label ff-el-is-required asterisk-right\"><label for='ff_3_address1_zip_' aria-label=\"PS\u010c\">PS\u010c<\/label><\/div><div class='ff-el-input--content'><input type=\"text\" name=\"address1[zip]\" id=\"ff_3_address1_zip_\" class=\"ff-el-form-control\" data-key_name=\"zip\"  aria-invalid=\"false\" aria-required=true><\/div><\/div><\/div><div class='ff-t-cell'><div class='ff-el-group'><div class=\"ff-el-input--label ff-el-is-required asterisk-right\"><label for='ff_3_address1_country_' aria-label=\"Zem\u011b\">Zem\u011b<\/label><\/div><div class='ff-el-input--content'><select name=\"address1[country]\" id=\"ff_3_address1_country_\" class=\"ff-el-form-control\" data-key_name=\"country\" aria-invalid='false' aria-required=true><option value=''><\/option><option value='AF' >Afghanistan<\/option><option value='AX' >Aland Islands<\/option><option value='AL' >Albania<\/option><option value='DZ' >Algeria<\/option><option value='AS' >American Samoa<\/option><option value='AD' >Andorra<\/option><option value='AO' >Angola<\/option><option value='AI' >Anguilla<\/option><option value='AQ' >Antarctica<\/option><option value='AG' >Antigua and Barbuda<\/option><option value='AR' >Argentina<\/option><option value='AM' >Armenia<\/option><option value='AW' >Aruba<\/option><option value='AU' >Australia<\/option><option value='AT' >Austria<\/option><option value='AZ' >Azerbaijan<\/option><option value='BS' >Bahamas<\/option><option value='BH' >Bahrain<\/option><option value='BD' >Bangladesh<\/option><option value='BB' >Barbados<\/option><option value='BY' >Belarus<\/option><option value='PW' >Belau<\/option><option value='BE' >Belgium<\/option><option value='BZ' >Belize<\/option><option value='BJ' >Benin<\/option><option value='BM' >Bermuda<\/option><option value='BT' >Bhutan<\/option><option value='BO' >Bolivia<\/option><option value='BQ' >Bonaire, Saint Eustatius and Saba<\/option><option value='BA' >Bosnia and Herzegovina<\/option><option value='BW' >Botswana<\/option><option value='BV' >Bouvet Island<\/option><option value='BR' >Brazil<\/option><option value='IO' >British Indian Ocean Territory<\/option><option value='VG' >British Virgin Islands<\/option><option value='BN' >Brunei<\/option><option value='BG' >Bulgaria<\/option><option value='BF' >Burkina Faso<\/option><option value='BI' >Burundi<\/option><option value='KH' >Cambodia<\/option><option value='CM' >Cameroon<\/option><option value='CA' >Canada<\/option><option value='CV' >Cape Verde<\/option><option value='KY' >Cayman Islands<\/option><option value='CF' >Central African Republic<\/option><option value='TD' >Chad<\/option><option value='CL' >Chile<\/option><option value='CN' >China<\/option><option value='CX' >Christmas Island<\/option><option value='CC' >Cocos (Keeling) Islands<\/option><option value='CO' >Colombia<\/option><option value='KM' >Comoros<\/option><option value='CK' >Cook Islands<\/option><option value='CR' >Costa Rica<\/option><option value='HR' >Croatia<\/option><option value='CU' >Cuba<\/option><option value='CW' >Cura&ccedil;ao<\/option><option value='CY' >Cyprus<\/option><option value='CZ' selected>Czech Republic<\/option><option value='CD' >Democratic Republic of the Congo (Kinshasa)<\/option><option value='DK' >Denmark<\/option><option value='DJ' >Djibouti<\/option><option value='DM' >Dominica<\/option><option value='DO' >Dominican Republic<\/option><option value='EC' >Ecuador<\/option><option value='EG' >Egypt<\/option><option value='SV' >El Salvador<\/option><option value='GQ' >Equatorial Guinea<\/option><option value='ER' >Eritrea<\/option><option value='EE' >Estonia<\/option><option value='ET' >Ethiopia<\/option><option value='FK' >Falkland Islands<\/option><option value='FO' >Faroe Islands<\/option><option value='FJ' >Fiji<\/option><option value='FI' >Finland<\/option><option value='FR' >France<\/option><option value='GF' >French Guiana<\/option><option value='PF' >French Polynesia<\/option><option value='TF' >French Southern Territories<\/option><option value='GA' >Gabon<\/option><option value='GM' >Gambia<\/option><option value='GE' >Georgia<\/option><option value='DE' >Germany<\/option><option value='GH' >Ghana<\/option><option value='GI' >Gibraltar<\/option><option value='GR' >Greece<\/option><option value='GL' >Greenland<\/option><option value='GD' >Grenada<\/option><option value='GP' >Guadeloupe<\/option><option value='GU' >Guam<\/option><option value='GT' >Guatemala<\/option><option value='GG' >Guernsey<\/option><option value='GN' >Guinea<\/option><option value='GW' >Guinea-Bissau<\/option><option value='GY' >Guyana<\/option><option value='HT' >Haiti<\/option><option value='HM' >Heard Island and McDonald Islands<\/option><option value='HN' >Honduras<\/option><option value='HK' >Hong Kong<\/option><option value='HU' >Hungary<\/option><option value='IS' >Iceland<\/option><option value='IN' >India<\/option><option value='ID' >Indonesia<\/option><option value='IR' >Iran<\/option><option value='IQ' >Iraq<\/option><option value='IE' >Ireland<\/option><option value='IM' >Isle of Man<\/option><option value='IL' >Israel<\/option><option value='IT' >Italy<\/option><option value='CI' >Ivory Coast<\/option><option value='JM' >Jamaica<\/option><option value='JP' >Japan<\/option><option value='JE' >Jersey<\/option><option value='JO' >Jordan<\/option><option value='KZ' >Kazakhstan<\/option><option value='KE' >Kenya<\/option><option value='KI' >Kiribati<\/option><option value='XK' >Kosovo<\/option><option value='KW' >Kuwait<\/option><option value='KG' >Kyrgyzstan<\/option><option value='LA' >Laos<\/option><option value='LV' >Latvia<\/option><option value='LB' >Lebanon<\/option><option value='LS' >Lesotho<\/option><option value='LR' >Liberia<\/option><option value='LY' >Libya<\/option><option value='LI' >Liechtenstein<\/option><option value='LT' >Lithuania<\/option><option value='LU' >Luxembourg<\/option><option value='MO' >Macao S.A.R., China<\/option><option value='MK' >Macedonia<\/option><option value='MG' >Madagascar<\/option><option value='MW' >Malawi<\/option><option value='MY' >Malaysia<\/option><option value='MV' >Maldives<\/option><option value='ML' >Mali<\/option><option value='MT' >Malta<\/option><option value='MH' >Marshall Islands<\/option><option value='MQ' >Martinique<\/option><option value='MR' >Mauritania<\/option><option value='MU' >Mauritius<\/option><option value='YT' >Mayotte<\/option><option value='MX' >Mexico<\/option><option value='FM' >Micronesia<\/option><option value='MD' >Moldova<\/option><option value='MC' >Monaco<\/option><option value='MN' >Mongolia<\/option><option value='ME' >Montenegro<\/option><option value='MS' >Montserrat<\/option><option value='MA' >Morocco<\/option><option value='MZ' >Mozambique<\/option><option value='MM' >Myanmar<\/option><option value='NA' >Namibia<\/option><option value='NR' >Nauru<\/option><option value='NP' >Nepal<\/option><option value='NL' >Netherlands<\/option><option value='NC' >New Caledonia<\/option><option value='NZ' >New Zealand<\/option><option value='NI' >Nicaragua<\/option><option value='NE' >Niger<\/option><option value='NG' >Nigeria<\/option><option value='NU' >Niue<\/option><option value='NF' >Norfolk Island<\/option><option value='KP' >North Korea<\/option><option value='MP' >Northern Mariana Islands<\/option><option value='NO' >Norway<\/option><option value='OM' >Oman<\/option><option value='PK' >Pakistan<\/option><option value='PS' >Palestinian Territory<\/option><option value='PA' >Panama<\/option><option value='PG' >Papua New Guinea<\/option><option value='PY' >Paraguay<\/option><option value='PE' >Peru<\/option><option value='PH' >Philippines<\/option><option value='PN' >Pitcairn<\/option><option value='PL' >Poland<\/option><option value='PT' >Portugal<\/option><option value='PR' >Puerto Rico<\/option><option value='QA' >Qatar<\/option><option value='CG' >Republic of the Congo (Brazzaville)<\/option><option value='RE' >Reunion<\/option><option value='RO' >Romania<\/option><option value='RU' >Russia<\/option><option value='RW' >Rwanda<\/option><option value='BL' >Saint Barth&eacute;lemy<\/option><option value='SH' >Saint Helena<\/option><option value='KN' >Saint Kitts and Nevis<\/option><option value='LC' >Saint Lucia<\/option><option value='SX' >Saint Martin (Dutch part)<\/option><option value='MF' >Saint Martin (French part)<\/option><option value='PM' >Saint Pierre and Miquelon<\/option><option value='VC' >Saint Vincent and the Grenadines<\/option><option value='WS' >Samoa<\/option><option value='SM' >San Marino<\/option><option value='ST' >Sao Tome and Principe<\/option><option value='SA' >Saudi Arabia<\/option><option value='SN' >Senegal<\/option><option value='RS' >Serbia<\/option><option value='SC' >Seychelles<\/option><option value='SL' >Sierra Leone<\/option><option value='SG' >Singapore<\/option><option value='SK' >Slovakia<\/option><option value='SI' >Slovenia<\/option><option value='SB' >Solomon Islands<\/option><option value='SO' >Somalia<\/option><option value='ZA' >South Africa<\/option><option value='GS' >South Georgia\/Sandwich Islands<\/option><option value='KR' >South Korea<\/option><option value='SS' >South Sudan<\/option><option value='ES' >Spain<\/option><option value='LK' >Sri Lanka<\/option><option value='SD' >Sudan<\/option><option value='SR' >Suriname<\/option><option value='SJ' >Svalbard and Jan Mayen<\/option><option value='SZ' >Swaziland<\/option><option value='SE' >Sweden<\/option><option value='CH' >Switzerland<\/option><option value='SY' >Syria<\/option><option value='TW' >Taiwan<\/option><option value='TJ' >Tajikistan<\/option><option value='TZ' >Tanzania<\/option><option value='TH' >Thailand<\/option><option value='TL' >Timor-Leste<\/option><option value='TG' >Togo<\/option><option value='TK' >Tokelau<\/option><option value='TO' >Tonga<\/option><option value='TT' >Trinidad and Tobago<\/option><option value='TN' >Tunisia<\/option><option value='TR' >Turkey<\/option><option value='TM' >Turkmenistan<\/option><option value='TC' >Turks and Caicos Islands<\/option><option value='TV' >Tuvalu<\/option><option value='UG' >Uganda<\/option><option value='UA' >Ukraine<\/option><option value='AE' >United Arab Emirates<\/option><option value='GB' >United Kingdom (UK)<\/option><option value='US' >United States (US)<\/option><option value='UM' >United States (US) Minor Outlying Islands<\/option><option value='VI' >United States (US) Virgin Islands<\/option><option value='UY' >Uruguay<\/option><option value='UZ' >Uzbekistan<\/option><option value='VU' >Vanuatu<\/option><option value='VA' >Vatican<\/option><option value='VE' >Venezuela<\/option><option value='VN' >Vietnam<\/option><option value='WF' >Wallis and Futuna<\/option><option value='EH' >Western Sahara<\/option><option value='YE' >Yemen<\/option><option value='ZM' >Zambia<\/option><option value='ZW' >Zimbabwe<\/option><\/select><\/div><\/div><\/div><\/div><\/div><\/div><div class='ff-el-group'><div class=\"ff-el-input--label asterisk-right\"><label for='ff_3_input_text_3' aria-label=\"Datum Va\u0161eho narozen\u00ed nebo rodn\u00e9 \u010d\u00edslo:\">Datum Va\u0161eho narozen\u00ed nebo rodn\u00e9 \u010d\u00edslo:<\/label><\/div><div class='ff-el-input--content'><input type=\"text\" name=\"input_text_3\" class=\"ff-el-form-control\" data-name=\"input_text_3\" id=\"ff_3_input_text_3\"  aria-invalid=\"false\" aria-required=false><\/div><\/div><div class='ff-el-group'><div class=\"ff-el-input--label asterisk-right\"><label for='ff_3_numeric_field' aria-label=\"\u010c\u00e1stka kterou jste ji\u017e poslali \u010di po\u0161lete. (v K\u010d)\">\u010c\u00e1stka kterou jste ji\u017e poslali \u010di po\u0161lete. (v K\u010d)<\/label><\/div><div class='ff-el-input--content'><input type=\"number\" name=\"numeric_field\" id=\"ff_3_numeric_field\" class=\"ff-el-form-control\" placeholder=\"Napi\u0161te \u010d\u00e1stku v K\u010d\" data-name=\"numeric_field\" inputmode=\"numeric\" step=\"any\"  aria-invalid=\"false\" aria-required=false><\/div><\/div><div class='ff-el-group'><div class=\"ff-el-input--label ff-el-is-required asterisk-right\"><label  aria-label=\"Your Preferred Method of Donation\">Your Preferred Method of Donation<\/label><\/div><div class='ff-el-input--content'><div class='ff-el-form-check ff-el-form-check-'><label class='ff-el-form-check-label' for=checkbox_55f085aac2bbc51705ed8ba97d115648><input  type=\"checkbox\" name=\"checkbox[]\" data-name=\"checkbox\" class=\"ff-el-form-check-input ff-el-form-check-checkbox\" value=\"Bankovn\u00ed p\u0159evod\"  id='checkbox_55f085aac2bbc51705ed8ba97d115648' aria-label='Bankovn\u00ed p\u0159evod' aria-invalid='false' aria-required=true> <span>Bankovn\u00ed p\u0159evod<\/span><\/label><\/div><\/div><\/div><div class='ff-el-group'><div class=\"ff-el-input--label ff-el-is-required asterisk-right\"><label  aria-label=\"Je v\u00e1\u0161 dar jednor\u00e1zov\u00fd nebo pravideln\u00fd?\">Je v\u00e1\u0161 dar jednor\u00e1zov\u00fd nebo pravideln\u00fd?<\/label><\/div><div class='ff-el-input--content'><div class='ff-el-form-check ff-el-form-check-'><label class='ff-el-form-check-label' for=input_radio_743c589549d6f148dee4fd316e4d8961><input  type=\"radio\" name=\"input_radio\" data-name=\"input_radio\" class=\"ff-el-form-check-input ff-el-form-check-radio\" value=\"Jednor\u00e1zov\u011b\"  id='input_radio_743c589549d6f148dee4fd316e4d8961' aria-label='Jednor\u00e1zov\u011b' aria-invalid='false' aria-required=true> <span>Jednor\u00e1zov\u011b<\/span><\/label><\/div><div class='ff-el-form-check ff-el-form-check-'><label class='ff-el-form-check-label' for=input_radio_c81a8d0d16dcb39142c6f933a5dc9f82><input  type=\"radio\" name=\"input_radio\" data-name=\"input_radio\" class=\"ff-el-form-check-input ff-el-form-check-radio\" value=\"Ro\u010dn\u011b\"  id='input_radio_c81a8d0d16dcb39142c6f933a5dc9f82' aria-label='Ro\u010dn\u011b' aria-invalid='false' aria-required=true> <span>Ro\u010dn\u011b<\/span><\/label><\/div><div class='ff-el-form-check ff-el-form-check-'><label class='ff-el-form-check-label' for=input_radio_623e1a34add3b6cfc2a70c2b16f0d78f><input  type=\"radio\" name=\"input_radio\" data-name=\"input_radio\" class=\"ff-el-form-check-input ff-el-form-check-radio\" value=\"M\u011bs\u00ed\u010dn\u011b\"  id='input_radio_623e1a34add3b6cfc2a70c2b16f0d78f' aria-label='M\u011bs\u00ed\u010dn\u011b' aria-invalid='false' aria-required=true> <span>M\u011bs\u00ed\u010dn\u011b<\/span><\/label><\/div><\/div><\/div><div class='ff-el-group'><div class=\"ff-el-input--label asterisk-right\"><label for='ff_3_input_text' aria-label=\"Va\u0161e pozn\u00e1mka\">Va\u0161e pozn\u00e1mka<\/label><\/div><div class='ff-el-input--content'><input type=\"text\" name=\"input_text\" class=\"ff-el-form-control\" data-name=\"input_text\" id=\"ff_3_input_text\"  aria-invalid=\"false\" aria-required=false><\/div><\/div><div class='ff-el-group ff-text-left ff_submit_btn_wrapper'><button type=\"submit\" class=\"ff-btn ff-btn-submit ff-btn-md ff_btn_style\" >Odeslat formul\u00e1\u0159<\/button><\/div><\/fieldset><\/form><div id='fluentform_3_errors' class='ff-errors-in-stack ff_form_instance_3_1 ff-form-loading_errors ff_form_instance_3_1_errors'><\/div><\/div>        <script type=\"text\/javascript\">\n            window.fluent_form_ff_form_instance_3_1 = {\"id\":\"3\",\"settings\":{\"layout\":{\"labelPlacement\":\"top\",\"asteriskPlacement\":\"asterisk-right\",\"helpMessagePlacement\":\"with_label\",\"errorMessagePlacement\":\"inline\",\"cssClassName\":\"\"},\"restrictions\":{\"denyEmptySubmission\":{\"enabled\":false}}},\"form_instance\":\"ff_form_instance_3_1\",\"form_id_selector\":\"fluentform_3\",\"rules\":{\"names[first_name]\":{\"required\":{\"value\":true,\"message\":\"This field is required\",\"global\":true,\"global_message\":\"This field is required\"}},\"names[middle_name]\":{\"required\":{\"value\":false,\"message\":\"This field is required\",\"global\":true,\"global_message\":\"This field is required\"}},\"names[last_name]\":{\"required\":{\"value\":true,\"message\":\"This field is required\",\"global\":true,\"global_message\":\"This field is required\"}},\"input_text_2\":{\"required\":{\"value\":false,\"message\":\"This field is required\",\"global\":true,\"global_message\":\"This field is required\"}},\"email\":{\"required\":{\"value\":false,\"message\":\"This field is required\",\"global\":true,\"global_message\":\"This field is required\"},\"email\":{\"value\":true,\"message\":\"This field must contain a valid email\",\"global\":true,\"global_message\":\"This field must contain a valid email\"}},\"address1[address_line_1]\":{\"required\":{\"value\":true,\"message\":\"This field is required\",\"global\":true,\"global_message\":\"This field is required\"}},\"address1[address_line_2]\":{\"required\":{\"value\":true,\"message\":\"This field is required\",\"global\":true,\"global_message\":\"This field is required\"}},\"address1[city]\":{\"required\":{\"value\":false,\"message\":\"This field is required\",\"global\":true,\"global_message\":\"This field is required\"}},\"address1[state]\":{\"required\":{\"value\":false,\"message\":\"This field is required\",\"global\":true,\"global_message\":\"This field is required\"}},\"address1[zip]\":{\"required\":{\"value\":true,\"message\":\"This field is required\",\"global\":true,\"global_message\":\"This field is required\"}},\"address1[country]\":{\"required\":{\"value\":true,\"message\":\"This field is required\",\"global\":true,\"global_message\":\"This field is required\"}},\"input_text_3\":{\"required\":{\"value\":false,\"message\":\"This field is required\",\"global_message\":\"This field is required\",\"global\":true}},\"numeric_field\":{\"required\":{\"value\":false,\"message\":\"This field is required\",\"global\":true,\"global_message\":\"This field is required\"},\"numeric\":{\"value\":true,\"message\":\"This field must contain numeric value\",\"global\":true,\"global_message\":\"This field must contain numeric value\"},\"min\":{\"value\":\"\",\"message\":\"Validation fails for minimum value\",\"global\":true,\"global_message\":\"Validation fails for minimum value\"},\"max\":{\"value\":\"\",\"message\":\"Validation fails for maximum value\",\"global\":true,\"global_message\":\"Validation fails for maximum value\"}},\"checkbox\":{\"required\":{\"value\":true,\"message\":\"This field is required\",\"global\":true,\"global_message\":\"This field is required\"}},\"input_radio\":{\"required\":{\"value\":true,\"message\":\"This field is required\",\"global\":true,\"global_message\":\"This field is required\"}},\"input_text\":{\"required\":{\"value\":false,\"message\":\"This field is required\",\"global_message\":\"This field is required\",\"global\":true}}},\"debounce_time\":300};\n                    <\/script>\n        \n","protected":false},"excerpt":{"rendered":"<p>NEBLOKOVAN\u00dd OSOBN\u00cd KONTAKT PRO AKTIVN\u00cd POLITICK\u00c9 SYMPATIZANTY: Jedin\u00e1 mo\u017enost je ka\u017ed\u00fd rok ve st\u00e1tn\u00ed sv\u00e1tky 1. 5. a 28. 10. v Praze na Strossmayerov\u011b n\u00e1m\u011bst\u00ed p\u0159ed kostelem sv. Anton\u00edna od 10 do 12 hodin. Filtrovan\u00fd kontakt: Volte Prav\u00fd Blok www.cibulka.net, P. O. BOX 595, 170 00 Praha. Filtrovan\u00fd mailov\u00fd kontakt: Petr.Cibulka@PravyBlok.cz. &nbsp; &nbsp;<\/p>\n","protected":false},"author":1,"featured_media":0,"parent":0,"menu_order":0,"comment_status":"closed","ping_status":"closed","template":"","meta":{"footnotes":""},"class_list":["post-10","page","type-page","status-publish","hentry"],"_links":{"self":[{"href":"http:\/\/voltepravyblok.cz\/index.php?rest_route=\/wp\/v2\/pages\/10","targetHints":{"allow":["GET"]}}],"collection":[{"href":"http:\/\/voltepravyblok.cz\/index.php?rest_route=\/wp\/v2\/pages"}],"about":[{"href":"http:\/\/voltepravyblok.cz\/index.php?rest_route=\/wp\/v2\/types\/page"}],"author":[{"embeddable":true,"href":"http:\/\/voltepravyblok.cz\/index.php?rest_route=\/wp\/v2\/users\/1"}],"replies":[{"embeddable":true,"href":"http:\/\/voltepravyblok.cz\/index.php?rest_route=%2Fwp%2Fv2%2Fcomments&post=10"}],"version-history":[{"count":3,"href":"http:\/\/voltepravyblok.cz\/index.php?rest_route=\/wp\/v2\/pages\/10\/revisions"}],"predecessor-version":[{"id":78,"href":"http:\/\/voltepravyblok.cz\/index.php?rest_route=\/wp\/v2\/pages\/10\/revisions\/78"}],"wp:attachment":[{"href":"http:\/\/voltepravyblok.cz\/index.php?rest_route=%2Fwp%2Fv2%2Fmedia&parent=10"}],"curies":[{"name":"wp","href":"https:\/\/api.w.org\/{rel}","templated":true}]}}