{"id":12,"date":"2024-03-13T19:13:34","date_gmt":"2024-03-13T18:13:34","guid":{"rendered":"https:\/\/voltepravyblok.cz\/?page_id=12"},"modified":"2024-05-23T17:39:29","modified_gmt":"2024-05-23T15:39:29","slug":"teze","status":"publish","type":"page","link":"https:\/\/voltepravyblok.cz\/?page_id=12","title":{"rendered":"Teze"},"content":{"rendered":"<p>&nbsp;<\/p>\n<p style=\"text-align: center;\"><span style=\"color: #0000ff;\"><u>Dotazn\u00edk \u010cesk\u00e9ho rozhlasu \u2013 Eurovolby 2024<\/u>:<\/span><\/p>\n<p><strong><em>Pros\u00edme, uve\u010fte l\u00eddra kandid\u00e1tky nebo jin\u00e9ho relevantn\u00edho p\u0159edstavitele va\u0161eho subjektu, kter\u00e9ho m\u016f\u017eeme citovat jako autora odpov\u011bd\u00ed: <\/em><\/strong><\/p>\n<p><strong>Petr Cibulka a jeho politick\u00e1 strana HODNOTOV\u00c9 OPOZICE <u>s nejdel\u0161\u00edm n\u00e1zvem p\u0159\u00edsn\u011b programov\u00e9ho charakteru na sv\u011bt\u011b:<\/u> Volte Prav\u00fd Blok &#8211; stranu za snadnou a rychlou ODVOLATELNOST politik\u016f a st\u00e1tn\u00edch \u00fa\u0159edn\u00edk\u016f P\u0158\u00cdMO OB\u010cANY, za N\u00cdZK\u00c9 dan\u011b, VYROVNAN\u00dd rozpo\u010det, MINIMALIZACI byrokracie, SPRAVEDLIVOU a NEZKORUMPOVANOU policii a justici, REFERENDA a P\u0158\u00cdMOU demokracii <\/strong><a href=\"http:\/\/www.cibulka.net\"><strong>WWW.CIBULKA.NET<\/strong><\/a><strong>, kandiduj\u00edc\u00ed s nejlep\u0161\u00edm protikrimin\u00e1ln\u00edm programem P\u0158\u00cdM\u00c9 demokracie a hlubok\u00e9ho n\u00e1rodn\u00edho, duchovn\u00edho a mravn\u00edho obrozen\u00ed VY NEV\u011a\u0158\u00cdTE POLITIK\u016eM A JEJICH NOVIN\u00c1\u0158\u016eM? NO KONE\u010cN\u011a! V\u011a\u0158ME SAMI SOB\u011a!!! &#8211; ale i s mnoha dal\u0161\u00edmi D\u016eVODY, pro\u010d bychom m\u011bli j\u00edt tentokr\u00e1t V\u0160ICHNI K VOLB\u00c1M, ale &#8211; pokud nechceme b\u00fdt ZNOVU obelh\u00e1ni, podvedeni a okradeni &#8211;<span style=\"color: #0000ff;\"> NEVOLIT \u017d\u00c1DNOU PARLAMENTN\u00cd TUNEL &#8211; STRANU vl\u00e1dnouc\u00ed (post) komunistick\u00e9 RUSKO &#8211; \u010cESK\u00c9 totalitn\u00ed F\u00cdZLOKRACIE a jejich likvida\u010dn\u00ed protin\u00e1rodn\u00ed politiku \u010c\u00cdM H\u016e\u0158E, T\u00cdM L\u00c9PE!!!<\/span> &#8211; jen\u017e \u017e\u00e1d\u00e1 o volebn\u00ed podporu V\u0160ECHNY \u010cESK\u00c9 OB\u010cANY a da\u0148ov\u00e9 poplatn\u00edky, kte\u0159\u00ed cht\u011bj\u00ed zm\u011bnit dne\u0161n\u00ed krimin\u00e1ln\u00ed pom\u011bry, jejich\u017e jsme v\u0161ichni ob\u011bt\u00ed, v jejich prav\u00fd opak! V BOJI MEZI DOBREM A ZLEM, PRAVDOU A L\u017d\u00cd, NELZE B\u00ddT NEUTR\u00c1LN\u00cd A P\u0158ESTO Z\u016eSTAT SLU\u0160N\u00dd!!! Proto d\u011bkujeme za Va\u0161i podporu!!! Nev\u011b\u0159\u00edte-li na pokoru u poprav\u010d\u00ed k\u00e1ry, zd\u00e1-li se v\u00e1m na\u0161e kandid\u00e1tka m\u00e1lo dokonal\u00e1 nebo postr\u00e1d\u00e1te-li na n\u00ed z\u00e1stupce sv\u00e9 obce nebo m\u011bsta a p\u0159itom M\u00c1TE ODVAHU v t\u00e9to v\u00e1lce Lid\u00ed Dobra s vl\u00e1dnouc\u00edmi Lidmi Zla povstat z jimi naordinovan\u00e9ho ob\u010dansk\u00e9ho bezv\u011bdom\u00ed, kter\u00fdm n\u00e1s ni\u010d\u00ed a dne\u0161n\u00ed DEMOKRATURU, SKRYTOU TOTALITU a OTROK\u00c1\u0158STV\u00cd VY\u0160\u0160\u00cdHO \u0158\u00c1DU z\u00e1sadn\u00edm zp\u016fsobem zm\u011bnit, KANDIDUJTE ZA N\u00c1S!!! Kontakt: Volte Prav\u00fd Blok <\/strong><a href=\"http:\/\/www.cibulka.net\"><strong>www.cibulka.net<\/strong><\/a><strong>, PO BOX 595, 170 00 Praha 7.<\/strong><\/p>\n<p><strong><em>Pros\u00edme, kde je dle v\u00e1s relevantn\u00ed, p\u0159idejte koment\u00e1\u0159:<\/em><\/strong><\/p>\n<ul>\n<li><strong><em>V\u00a0p\u0159\u00edpad\u011b odpov\u011bdi ANO \u2013 pro\u010d by EU zm\u00edn\u011bn\u00e9 opat\u0159en\u00ed m\u011bla d\u011blat a vysv\u011btlete pros\u00edm, jak\u00fdm konkr\u00e9tn\u00edm zp\u016fsobem by to m\u011bla EU ud\u011blat.<\/em><\/strong><\/li>\n<li><strong><em>V\u00a0p\u0159\u00edpad\u011b odpov\u011bdi NE \u2013 pro\u010d\/z jak\u00fdch d\u016fvod\u016f by EU zm\u00edn\u011bn\u00e9 opat\u0159en\u00ed d\u011blat nem\u011bla.<\/em><\/strong><\/li>\n<\/ul>\n<p><em>1) M\u011bla by se EU zam\u011b\u0159it na to, jak \u00fa\u010dinn\u011b omezit pl\u00fdtv\u00e1n\u00ed potravinami? ANO\/NE<\/em><\/p>\n<p><strong>NE! <\/strong><strong>\u201e<u>Evropa i demokracie budou bu\u010f k\u0159es\u0165ansk\u00e9, anebo nebudou v\u016fbec<\/u>,\u201c \u0159ekl jeden ze zakladatel\u016f sjednocen\u00e9 Evropy Robert Schuman, kdy\u017e o skute\u010dn\u00fdch z\u00e1kladech dne\u0161n\u00edho marxistick\u00e9ho Bruselu se dozv\u00edme daleko nejv\u00edce ur\u010dit\u011b zde: <\/strong><a href=\"https:\/\/www.google.com\/search?client=firefox-b-d&amp;q=KNIHA+MARX+A+SATAN\">https:\/\/www.google.com\/search?client=firefox-b-d&amp;q=KNIHA+MARX+A+SATAN<\/a><strong>. Jasnoz\u0159iv\u00fd staro\u0159\u00edmsk\u00fd sen\u00e1tor kr\u00e1tce p\u0159ed zhroucen\u00edm sv\u011btovl\u00e1dn\u00e9ho \u0158\u00edmsk\u00e9ho imp\u00e9ria prohl\u00e1sil: <span style=\"color: #ff00ff;\">\u201e<u>MAL\u00ddM V\u011aCEM JSME SLOU\u017dILI, VELK\u00c9 V\u011aCI JSME NEPODPO\u0158ILI\u2026<\/u>\u201c<\/span> My <\/strong><strong>jsme dnes v rusk\u00e9 3. sv\u011btov\u00e9 v\u00e1lce 2011-2037, v\u00a0n\u00ed\u017e zahyne 1\/3 Lidstva. Ostr\u00e1 f\u00e1ze 3. sv\u011btov\u00e9 v\u00e1lky za\u010dne v\u00a0roce 2025 tureck\u00fdm \u00fatokem na Ruskem ve v\u0161ech nejvy\u0161\u0161\u00edch patrech dokonale infiltrovanou, zrazenou, <u>ODZBROJENOU<\/u> a proto zcela nebr\u00e1n\u011bnou Evropu. Viz: <\/strong><a href=\"https:\/\/www.youtube.com\/watch?v=S4eqaod1BnU\"><strong>https:\/\/www.youtube.com\/watch?v=S4eqaod1BnU<\/strong><\/a><strong>. O tom v\u0161em bychom se dnes m\u011bli bavit a ne o nesmyslech!!! Bohu\u017eel n\u00e1s z\u00e1padn\u00ed politici a masm\u00e9dia v\u00a0\u017eoldu rusk\u00fdch tajn\u00fdch slu\u017eeb a jejich rozvratn\u00e9 antik\u0159es\u0165ansk\u00e9 protiz\u00e1padn\u00ed \u201ehybridn\u00ed\u201c v\u00e1lky u\u017e desetilet\u00ed programuj\u00ed k\u00a0tomu, abychom mal\u00fdm v\u011bcem slou\u017eili, ale velk\u00e9 v\u011bci nepodpo\u0159ili a dokonce je ani p\u0159es hust\u00e9 masmedi\u00e1ln\u00ed kou\u0159ov\u00e9 clony nevid\u011bli. A dne\u0161n\u00ed rusk\u00e1 3. sv\u011btov\u00e1 v\u00e1lka, a\u0165 u\u017e jej\u00ed kon\u010d\u00edc\u00ed hybridn\u00ed f\u00e1ze, anebo jej\u00ed za\u010d\u00ednaj\u00edc\u00ed ostr\u00e1 f\u00e1ze, je u\u017e pouze z\u00e1konit\u00fd v\u00fdsledek t\u00e9to pro ka\u017edou lidskou civilizaci vra\u017eedn\u00e9\/sebevra\u017eedn\u00e9 strategie, kterou \u017e\u00e1dn\u00e1 lidsk\u00e1 civilizace je\u0161t\u011b nep\u0159e\u017eila\u2026 Viz: <\/strong><a href=\"https:\/\/odysee.com\/@PetrCibulkawww.cibulka.net:e?view=content\">https:\/\/odysee.com\/@PetrCibulkawww.cibulka.net:e?view=content<\/a><strong>. <\/strong><\/p>\n<p><strong>Proto na\u0161e politick\u00e1 strana Volte Prav\u00fd Blok <\/strong><a href=\"http:\/\/www.cibulka.net\"><strong>www.cibulka.net<\/strong><\/a><strong> jde do ka\u017ed\u00fdch evropsk\u00fdch voleb s\u00a0t\u00edmto volebn\u00edm heslem: <u><span style=\"color: #ff00ff;\">ABY EVROPA A JEJ\u00cd OB\u010cAN\u00c9 MOHLI SVOBODN\u011a \u017d\u00cdT, EVROPSK\u00c1 UNIE MUS\u00cd ZEM\u0158\u00cdT!!<\/span>!<\/u> Hlavn\u00ed d\u016fvody pro tuto na\u0161i z\u00e1kladn\u00ed strategii najdeme zde: <\/strong><a href=\"https:\/\/odysee.com\/@PetrCibulka:0?view=content\"><strong>https:\/\/odysee.com\/@PetrCibulka:0?view=content<\/strong><\/a><strong>. Proto tyto komunistick\u00e9 totalitn\u00ed praktiky dne\u0161n\u00edho marx-satansk\u00e9ho Bruselu rozhodn\u011b odm\u00edt\u00e1me!!! A\u0165 EU zru\u0161\u00ed svoji nesmyslnou \u201ezelenou energetiku\u201c a emisn\u00ed povolenky a t\u00edm umo\u017en\u00ed v\u0161em Evropan\u016fm dostupnost levn\u00fdch potravin a dal\u0161\u00edch v\u00fdrobk\u016f, \u010d\u00edm\u017e evropsk\u00e9mu pr\u016fmyslu zajist\u00ed i obnoven\u00ed konkurenceschopnosti, kterou EU v\u0161emi sv\u00fdmi komunistick\u00fdmi sabot\u00e1\u017eemi u\u017e des\u00edtky let likviduje!!!<\/strong><\/p>\n<p><em>2) M\u011bla by EU nastavit pravidla, kter\u00e1 spot\u0159ebitel\u016fm zajist\u00ed co nejv\u011bt\u0161\u00ed trvalost a dostupnou opravitelnost v\u00fdrobk\u016f?ANO\/NE<\/em><\/p>\n<p><strong>NE! Sta\u010d\u00ed prodlou\u017eit z\u00e1ru\u010dn\u00ed dobu na 5 let a o zbytek se postar\u00e1 konkurence mezi v\u00fdrobci a trh. A\u0165 EU tla\u010d\u00ed st\u00e1ty k\u00a0zaji\u0161t\u011bn\u00ed pln\u011b konkuren\u010dn\u00edho prost\u0159ed\u00ed bez skryt\u00fdch kartelov\u00fdch dohod a uval\u00ed vysok\u00e1 cla na dovoz z\u00a0komunistick\u00e9 ultra-totalitn\u00ed \u010c\u00edny!!!<\/strong><\/p>\n<p><em>3) M\u011bla by EU motivovat \u010dlensk\u00e9 st\u00e1ty, aby v\u00edce danily praktiky, kter\u00e9 zne\u010di\u0161\u0165uj\u00ed prost\u0159ed\u00ed toxick\u00fdmi l\u00e1tkami?ANO\/NE<\/em><\/p>\n<p><strong>NE! Na co kdy Brusel s\u00e1hl, z\u00a0toho v\u017edy povstala katastrofa sov\u011btsk\u00e9ho typu. A\u0165 to Brusel nech\u00e1 na n\u00e1rodn\u00edch st\u00e1tech a do ni\u010deho se jim nem\u00edch\u00e1. <u><span style=\"color: #ff00ff;\">V\u00a0EU chyb\u00ed na prvn\u00edm m\u00edst\u011b svoboda, proto\u017ee ka\u017ed\u00e9 volby jsou na Z\u00e1pad\u011b a\u017e k\u00a0nepozn\u00e1n\u00ed zfal\u0161ovan\u00e9, chyb\u00ed skute\u010dn\u00e1 demokracie, tedy p\u0159\u00edm\u00e1 demokracie \u0161v\u00fdcarsk\u00e9ho typu, chyb\u00ed z\u00e1kon o snadn\u00e9 a rychl\u00e9 odvolatelnosti v\u0161ech politik\u016f a \u00fa\u0159edn\u00edk\u016f p\u0159\u00edmo samotn\u00fdmi ob\u010dany,<\/span> kter\u00fd plat\u00ed u\u017e v\u00edce ne\u017e 100 let ve 26 st\u00e1tech USA, zcela chyb\u00ed p\u0159\u00edstup ob\u010dan\u016f a men\u0161\u00edch politick\u00fdch stran do masm\u00e9di\u00ed, v\u010detn\u011b \u201eve\u0159ejnopr\u00e1vn\u00edho\u201c \u010cesk\u00e9ho rozhlasu a televize, kdy nav\u00edc veden\u00ed t\u011bchto \u201eve\u0159ejnopr\u00e1vn\u00edch\u201c instituc\u00ed &#8211; v\u017edy v\u011brn\u00fdch sv\u00fdm &#8222;demokratick\u00fdm&#8220; tradic\u00edm &#8211; v\u0161em sv\u00fdm zam\u011bstnanc\u016fm n\u011bkolikr\u00e1t zablokovalo p\u0159ij\u00edm\u00e1n\u00ed na\u0161ich mail\u016f s\u00a0politicky necenzurovan\u00fdm zpravodajstv\u00edm, kdy\u017e veden\u00ed &#8222;ve\u0159ejnopr\u00e1vn\u00edho&#8220; \u010cesk\u00e9ho rozhlasu jim to zablokoval dokonce natrvalo, a to u\u017e od roku 2019\u2026!!!<\/u> Viz: <\/strong><a href=\"https:\/\/www.youtube.com\/@PravyBlok\/videos\"><strong>https:\/\/www.youtube.com\/@PravyBlok\/videos<\/strong><\/a><strong>. A\u0165 EU tohle v\u0161echno okam\u017eit\u011b odstran\u00ed a naprav\u00ed!!! A pak a\u0165 na svoje n\u00e1rodn\u00ed vl\u00e1dy tla\u010d\u00ed svobodn\u00ed a dob\u0159e informovan\u00ed ob\u010dan\u00e9 a jejich politick\u00e9 strany!<\/strong><\/p>\n<p><em>4) M\u011bla by se EU v z\u00e1jmu sv\u00e9 bezpe\u010dnosti sna\u017eit t\u011b\u017eit kritick\u00e9 suroviny (nap\u0159. lithium a podobn\u00e9 kovy) na vlastn\u00edm \u00fazem\u00ed, p\u0159\u00edpadn\u011b v\u00fdrazn\u011b roz\u0161\u00ed\u0159it okruh zem\u00ed, odkud je dov\u00e1\u017e\u00ed?ANO\/NE<\/em><\/p>\n<p><strong><span style=\"color: #ff00ff;\">Evropa mus\u00ed b\u00fdt k\u0159es\u0165ansk\u00e1, svobodn\u00e1, konkurenceschopn\u00e1 a nez\u00e1visl\u00e1.<\/span> Tomu stoj\u00ed brusel\u0161t\u00ed marx-satanist\u00e9 a jejich skryt\u00e1 totalita v\u00a0cest\u011b. Proto <u>je t\u0159eba ud\u011blat maximum pro to, aby Evropsk\u00e1 unie co nejrychleji skon\u010dila na smeti\u0161ti d\u011bjin a z\u00a0dne\u0161n\u00ed skryt\u011b totalitn\u00ed marxistick\u00e9 Evropsk\u00e9 unie se stala obdoba \u0160v\u00fdcarsk\u00e9 konfederace svobodn\u00fdch a dob\u0159e ozbrojen\u00fdch ob\u010dan\u016f, p\u0159ipraven\u00fdch svoji svobodu br\u00e1nit!!!<\/u> Osvobozen\u00e1 Evropa pak v\u0161echny probl\u00e9my snadno a rychle sama vy\u0159e\u0161\u00ed.<\/strong><\/p>\n<p><em>5) M\u011bla by se EU v\u011bnovat prevenci migrace nap\u0159. z africk\u00fdch zem\u00ed i t\u00edm, \u017ee bude podporovat investice do udr\u017eiteln\u00fdch technologi\u00ed v energetice \u010di odoln\u011bj\u0161\u00edho zem\u011bd\u011blstv\u00ed na tomto kontinentu?ANO\/NE<\/em><\/p>\n<p><strong>NE! <u>Evropu je t\u0159eba br\u00e1nit a nepustit na jej\u00ed \u00fazem\u00ed nikoho, kdo ji ohro\u017euje!!!<\/u> Evropsk\u00e1 unie d\u011bl\u00e1 des\u00edtky let prav\u00fd opak, proto\u017ee je pln\u011b infiltrov\u00e1na a \u0159\u00edzena sov\u011btsk\u00fdmi a rusk\u00fdmi marx &#8211; satansk\u00fdmi skryt\u011b totalitn\u00edmi tajn\u00fdmi slu\u017ebami, viz<\/strong> <a href=\"https:\/\/www.youtube.com\/watch?v=S4eqaod1BnU\"><strong>https:\/\/www.youtube.com\/watch?v=S4eqaod1BnU<\/strong><\/a><strong> a <span style=\"color: #0000ff;\">tito dob\u0159e \u0159\u00edzen\u00ed sov\u011bt\u0161t\u00ed a ru\u0161t\u00ed agenti zaplavuj\u00ed u\u017e des\u00edtky let nebr\u00e1n\u011bnou Evropu extr\u00e9mn\u011b nep\u0159\u00e1telskou isl\u00e1mskou populac\u00ed, kterou jejich propaganda vyd\u00e1v\u00e1 za\u00a0\u201euprchl\u00edky p\u0159ed v\u00e1lkou\u201c. P\u0159itom pr\u00e1v\u011b tito \u201euprchl\u00edci p\u0159ed v\u00e1lkou\u201c v\u00e1lku v\u00a0Evrop\u011b, p\u0159esn\u011b podle pl\u00e1n\u016f Moskvy a Bruselu, brzy vyvolaj\u00ed.<\/span> V\u00a0roce 2025 za\u00fato\u010d\u00ed na Ruskem infiltrovanou, zrazenou a proto nebr\u00e1n\u011bnou Evropu isl\u00e1msk\u00e9 Turecko a v\u00a0roce 2026 v\u00a0Evrop\u011b vypukne ob\u010dansk\u00e1 v\u00e1lka, ve kter\u00e9 budou \u201euprchl\u00edci p\u0159ed v\u00e1lkou\u201c vra\u017edit Evropany. Proto\u017ee v\u00a0Bruselu a v\u00a0NATO vl\u00e1dnouc\u00ed rusk\u00e1 agentura \u0161pion\u016f u\u017e d\u00e1vno zlikvidovala v\u0161echny evropsk\u00e9 arm\u00e1dy, povinnou z\u00e1kladn\u00ed vojenskou slu\u017ebu, zastavila v\u00fdrobu zbran\u00ed a n\u00e1boj\u016f, co\u017e dnes vid\u00edme nejl\u00e9pe na Ukrajin\u011b, kterou st\u00e1ty NATO nemaj\u00ed \u010d\u00edm podpo\u0159it, obr\u00e1t\u00ed se Brusel na Moskvu se \u017e\u00e1dost\u00ed o bratrskou internacion\u00e1ln\u00ed vojenskou pomoc, co\u017e m\u00e1 podle d\u00e1vn\u00e9 dohody Moskva-Brusel znamenat ruskou okupaci Evropy a p\u0159ipojen\u00ed Evropy k\u00a0Rusku. Ty <u>nejd\u016fle\u017eit\u011bj\u0161\u00ed f\u00e1ze t\u00e9to rusk\u00e9 v\u00e1le\u010dn\u00e9 operace pak najdete ze v\u0161eho nejl\u00e9pe zde<\/u>: <\/strong><a href=\"https:\/\/odysee.com\/@CIBULKA:2\/%E2%96%88%E2%96%AC%E2%96%88-%E2%96%88-%E2%96%80%E2%96%88%E2%96%80-2021.06.01.-CIBULKA-PETR---VOLEBNI-VIZITKA:b\"><strong>https:\/\/odysee.com\/@CIBULKA:2\/%E2%96%88%E2%96%AC%E2%96%88-%E2%96%88-%E2%96%80%E2%96%88%E2%96%80-2021.06.01.-CIBULKA-PETR&#8212;VOLEBNI-VIZITKA:b<\/strong><\/a><strong>.<\/strong><\/p>\n<p><em>6) M\u011bla by EU d\u016fsledn\u011b vyb\u00edrat uhl\u00edkov\u00e9 clo, pokud dov\u00e1\u017een\u00e9 v\u00fdrobky ze zem\u00ed mimo EU nespl\u0148uj\u00ed uhl\u00edkov\u00e9 standardy EU?ANO\/NE<\/em><\/p>\n<p><strong>NE! Tohle a\u0165 si \u0159e\u0161\u00ed ka\u017ed\u00fd evropsk\u00fd st\u00e1t a jeho ob\u010dan\u00e9 podle sv\u00fdch pot\u0159eb!<\/strong><\/p>\n<p><em>7) M\u011bla by EU vytv\u00e1\u0159et podm\u00ednky pro sni\u017eov\u00e1n\u00ed mno\u017estv\u00ed hnojiv, pesticid\u016f, antibiotik a podobn\u00fdch l\u00e1tek ve vod\u011b, p\u016fd\u011b a potravin\u00e1ch?ANO\/NE<\/em><\/p>\n<p><strong>NE! V\u0161echny velice p\u0159\u00edsn\u00e9 normy na \u010distotu potravin a mnoh\u00e9ho dal\u0161\u00edho byly pod tlakem rusk\u00fdch agent\u016f zru\u0161eny a jenom naprost\u00fd a nepou\u010diteln\u00fd hlup\u00e1k by dnes v\u011b\u0159il tvrzen\u00ed Bruselu a jeho poskok\u016f, \u017ee se po des\u00edtk\u00e1ch let rozhodli skon\u010dit s\u00a0touto zni\u010duj\u00edc\u00ed politikou a za\u010dnou se najednou strachovat o zdrav\u00ed lid\u00ed. <span style=\"color: #ff0000;\"><u>Rusko vede u\u017e mnoho let sv\u011btovou klimatickou v\u00e1lku s\u00a0c\u00edlem vyvolat ve sv\u011bt\u011b rozvrat a hladomor. To Brusel, NATO a jejich politici a publicist\u00e9 p\u0159ed evropsk\u00fdmi ob\u010dany desetilet\u00ed skr\u00fdvaj\u00ed. Aby na Evropu dopadl hladomor rusk\u00e9 klimatick\u00e9 v\u00e1lky s\u00a0plnou silou, Brusel usiluje o likvidaci evropsk\u00e9ho zem\u011bd\u011blstv\u00ed.<\/u><\/span> Proto tahle n\u00e1hl\u00e1 starostlivost Bruselu o zdrav\u00ed evropsk\u00fdch ob\u010dan\u016f. Je to pouze obvykl\u00fd zast\u00edrac\u00ed man\u00e9vr rusk\u00fdch \u0161pion\u016f, kter\u00fdmi n\u00e1s krm\u00ed jejich politici a masm\u00e9dia u\u017e des\u00edtky let. <\/strong><strong>Podrobnosti t\u00e9to protiz\u00e1padn\u00ed diverzn\u00ed operace m\u00e1me k disposici zde: <\/strong><a href=\"https:\/\/odysee.com\/@PetrCibulka:0\/Zem%C4%9Bd%C4%9Blci-na-pokraji-vyvlastn%C4%9Bn%C3%AD-Nitrogen-2000---V%C3%BDbu%C5%A1n%C3%BD-dokument-z-Holandska:6\">https:\/\/odysee.com\/@PetrCibulka:0\/Zem%C4%9Bd%C4%9Blci-na-pokraji-vyvlastn%C4%9Bn%C3%AD-Nitrogen-2000&#8212;V%C3%BDbu%C5%A1n%C3%BD-dokument-z-Holandska:6<\/a><strong>. <\/strong><\/p>\n<p><em>8) M\u011bly by b\u00fdt zem\u011bd\u011blsk\u00e9 dotace b\u00fdt v EU siln\u011b odvozen\u00e9 od toho, jak dob\u0159e se dan\u00fd p\u0159\u00edjemce star\u00e1 o kvalitu p\u016fdy a zaji\u0161\u0165uje hodnotn\u00e9 p\u0159\u00edrodn\u00ed prvky ve sv\u011b\u0159en\u00e9 krajin\u011b?ANO\/NE<\/em><\/p>\n<p><strong>NE! V\u0161echny dotace mus\u00ed b\u00fdt okam\u017eit\u011b zru\u0161eny jako nepr\u016fhledn\u00e9, nekontrolovateln\u00e9 a deformuj\u00edc\u00ed konkuren\u010dn\u00ed prost\u0159ed\u00ed, kdy neschopn\u00ed a v\u0161ehoschopn\u00ed podnikatel\u00e9 v\u00a0\u017eoldu rusk\u00fdch tajn\u00fdch slu\u017eeb likviduj\u00ed v\u0161echny ty ostatn\u00ed!!! Ob\u010dan\u00e9 Evropy nesm\u00ed dotovat ze sv\u00fdch kapes podnik\u00e1n\u00ed rusk\u00fdch \u0161pion\u016f a t\u00edm likvidovat jejich poctivou konkurenci!!!<\/strong><\/p>\n<p><em>9) M\u011bla by EU podporovat udr\u017eiteln\u00fd typ rybolovu v evropsk\u00fdch mo\u0159\u00edch?ANO\/NE<\/em><\/p>\n<p><strong>NE! A\u0165 EU do n\u011b\u010deho, co funguje, nestrk\u00e1 svoje \u0161pinav\u00e9 bol\u0161evick\u00e9 pracky!!!<\/strong><\/p>\n<p><em>10) M\u011bla by EU tla\u010dit na ru\u0161en\u00ed dotac\u00ed fosiln\u00edch paliv?ANO\/NE<\/em><\/p>\n<p><strong>A\u0165 EU okam\u017eit\u011b zru\u0161\u00ed emisn\u00ed povolenky a skon\u010d\u00ed se \u201ezelenou energetikou\u201c, kterou pro zni\u010den\u00ed Evropy a cel\u00e9ho Z\u00e1padu vymyslel v\u00a0Moskv\u011b n\u00e1\u010deln\u00edk rusk\u00e9ho gener\u00e1ln\u00edho \u0161t\u00e1bu Gerasimov v\u00a0r\u00e1mci rusk\u00e9 sv\u011btov\u00e9 hybridn\u00ed v\u00e1lky. Viz: <\/strong><a href=\"https:\/\/www.armadninoviny.cz\/hybridni-valky-podle-valerije-gerasimova.html\"><strong>https:\/\/www.armadninoviny.cz\/hybridni-valky-podle-valerije-gerasimova.html<\/strong><\/a><strong>.<\/strong><\/p>\n<p><em>11) M\u011bla by EU odlo\u017eit z\u00e1kaz prodeje nov\u00fdch voz\u016f se spalovac\u00edm motorem na fosiln\u00ed paliva pl\u00e1novan\u00fd na rok 2035?ANO\/NE<\/em><\/p>\n<p><strong>ANO a cel\u00fd z\u00e1kaz ihned \u00fapln\u011b zru\u0161it, proto\u017ee to je jenom dal\u0161\u00ed protiz\u00e1padn\u00ed diverze satansk\u00e9 trojice post-komunistick\u00e9 skryt\u011b totalitn\u00ed Moskvy + komunistick\u00e9ho ultra-totalitn\u00edho Pekingu + marxistick\u00e9ho skryt\u011b totalitn\u00edho Bruselu\u2026!!!<\/strong><\/p>\n<p>12) V\u011bdci z Akademie v\u011bd \u010cR, p\u011bstitel\u00e9 chmelu i pivovarn\u00edci upozor\u0148uj\u00ed, \u017ee extr\u00e9mn\u011b tepl\u00e1 l\u00e9ta maj\u00ed negativn\u00ed dopad na v\u00fdnosy i nenahraditelnou kvalitu (ho\u0159k\u00e9 l\u00e1tky) \u010desk\u00e9ho chmelu. M\u011bla by EU z tohoto a podobn\u00fdch d\u016fvod\u016f dodr\u017eet doporu\u010den\u00ed sou\u010dasn\u00e9 Evropsk\u00e9 komise sn\u00ed\u017eit emise sklen\u00edkov\u00fdch plyn\u016f o 90 % do roku 2040 (oproti roku 1990) a podpo\u0159it t\u00edm glob\u00e1ln\u00ed snahu stabilizovat sv\u011btov\u00e9 klima?ANO\/NE<\/p>\n<p><strong><span style=\"color: #ff0000;\">NE!!! V\u0161echno to jsou \u00fa\u010delov\u00e9 l\u017ei rusk\u00fdch \u0161pion\u016f, kter\u00e9 maj\u00ed zlikvidovat Z\u00e1pad!!!<\/span><\/strong><\/p>\n<p><strong><span style=\"color: #008000;\">\u00a0Evropa zne\u010di\u0161\u0165uje sv\u011btovou atmosf\u00e9ru pouze ze 7-8 procent.<\/span> Tedy naprosto zanedbateln\u011b. Naprostou v\u011bt\u0161inu sv\u011btov\u00e9ho zne\u010di\u0161t\u011bn\u00ed zaji\u0161\u0165uje Rusko a komunistick\u00e1 totalitn\u00ed \u010c\u00edna!!! O t\u011bch se ale v EU nikdy nemluv\u00ed\u2026 Nav\u00edc glob\u00e1ln\u00ed oteplov\u00e1n\u00ed nezp\u016fsobuj\u00ed v \u017e\u00e1dn\u00e9m p\u0159\u00edpad\u011b tzv. sklen\u00edkov\u00e9 plyny! To je \u010dist <\/strong><span style=\"font-size: 14.0pt;\">podvod Bruselu!!! Viz: <a href=\"https:\/\/odysee.com\/@PetrCibulka:0\/Dr.-Willie-Soon-%E2%80%9ECO2-je-plyn-%C5%BEivota.-Nezp%C5%AFsobuje-zm%C4%9Bny-klimatu-a-glob%C3%A1ln%C3%AD-oteplov%C3%A1n%C3%AD%E2%80%9D-(CZ-TITULKY):0\">https:\/\/odysee.com\/@PetrCibulka:0\/Dr.-Willie-Soon-%E2%80%9ECO2-je-plyn-%C5%BEivota.-Nezp%C5%AFsobuje-zm%C4%9Bny-klimatu-a-glob%C3%A1ln%C3%AD-oteplov%C3%A1n%C3%AD%E2%80%9D-(CZ-TITULKY):0<\/a><\/span><\/p>\n<h1>\u00a0<u>G<\/u><u>LOB\u00c1LN\u00cd OTEPLOV\u00c1N\u00cd JE ZP\u016eSOBENO RUSKOU SV\u011aTOVOU KLIMATICKOU V\u00c1LKOU A NI\u010c\u00cdM JIN\u00ddM<\/u><u>!!!<\/u><\/h1>\n<hr \/>\n<p><span style=\"font-size: 14.0pt;\"><strong><span style=\"color: #0000ff;\">\u00dakolem rusk\u00fdch \u0161pion\u016f, ovl\u00e1daj\u00edc\u00edch u\u017e mnoho des\u00edtek let z\u00e1padn\u00ed politiku a masm\u00e9dia, je p\u0159esv\u011bd\u010dit ob\u010dany Z\u00e1padu, \u017ee rusk\u00e1 sv\u011btov\u00e1 klimatick\u00e1 v\u00e1lka neexistuje a za v\u0161echny svoje probl\u00e9my si m\u016f\u017ee Z\u00e1pad s\u00e1m.<\/span> <span style=\"color: #339966;\">Pokud t\u011bmto l\u017e\u00edm n\u011bkdo v\u011b\u0159\u00ed, m\u011bl by se pod\u00edvat na YOU TUBE na mnoh\u00e9 des\u00edtky rusk\u00fdch televizn\u00edch dokument\u016f z posledn\u00edch 20-30-ti let o sov\u011btsk\u00e9 a rusk\u00e9 klimatick\u00e9 v\u00e1lce.<\/span> <\/strong>Sta\u010d\u00ed zadat na YOU TUBE nebo Odysee.com do vyhled\u00e1v\u00e1n\u00ed <u>v\u00a0azbuce<\/u> heslo \u041a\u041b\u0418\u041c\u0410\u0422\u0418\u0427\u0415\u0421\u041a\u0410\u042f \u0412\u041e\u0419\u041d\u0410 nebo \u041a\u041b\u0418\u041c\u0410\u0422\u0418\u0427\u0415\u0421\u041a\u041e\u0415 \u041e\u0420\u0423\u0416\u0418\u0415. Prvn\u00ed z\u00e1padn\u00ed informace o klimatick\u00e9 v\u00e1lce &#8211; ov\u0161em velice p\u0159\u00edsn\u011b cenzurovan\u00e9 &#8211; m\u00e1me se zpo\u017ed\u011bn\u00edm mnoha des\u00edtek let k disposici zde: <a href=\"https:\/\/www.epochtimes.cz\/2024\/04\/29\/pocasi-jako-valecna-zbran\/?utm_source=newsletter&amp;utm_medium=e-mail&amp;utm_campaign=nowall\">Po\u010das\u00ed jako v\u00e1le\u010dn\u00e1 zbra\u0148? (epochtimes.cz)<\/a> <a href=\"https:\/\/www.epochtimes.cz\/2024\/04\/29\/pocasi-jako-valecna-zbran\/?utm_source=newsletter\">https:\/\/www.epochtimes.cz\/2024\/04\/29\/pocasi-jako-valecna-zbran\/?utm_source=newsletter<\/a>. Ty rusk\u00e9 televizn\u00ed dokumenty samoz\u0159ejm\u011b nikdo z\u00a0dr\u017eitel\u016f moci a vlivu na Z\u00e1pad\u011b nep\u0159elo\u017e\u00ed nebo neotitulkuje a u\u017e v\u016fbec to neud\u011bl\u00e1 \u010cesk\u00fd hydrometeorologick\u00fd \u00fastav, kter\u00fd to m\u00e1 p\u0159\u00edmo v\u00a0popisu pr\u00e1ce. <strong><span style=\"color: #ff0000;\">Jeho veden\u00ed naopak zablokovalo v\u0161em sv\u00fdm osmi stovk\u00e1m zam\u011bstnanc\u016f na\u0161e maily s\u00a0informacemi o rusk\u00e9 klimatick\u00e9 v\u00e1lce!<\/span><\/strong><\/span><\/p>\n<p><strong>To v\u00edte, m\u00e1me p\u0159ece svobodu, demokracii a pr\u00e1vn\u00ed st\u00e1t, kter\u00e9 jsme si na ned\u00e1vn\u00e9 nelidsk\u00e9 marx-satansk\u00e9 totalit\u011b a rusk\u00e9m okupa\u010dn\u00edm re\u017eimu, s\u00a0jeho stotis\u00edcovou okupa\u010dn\u00ed arm\u00e1dou, tak krvav\u011b vybojovali\u2026)))))) <span style=\"color: #993366;\">Anebo to byl pouze privatiza\u010dn\u00ed pu\u010d totalitn\u00edch rusk\u00fdch tajn\u00fdch slu\u017eeb a jejich tuzemsk\u00fdch poskok\u016f, v\u00a0n\u011bm\u017e jsme hr\u00e1li pro jejich televizn\u00ed \u0161t\u00e1by jenom roli jejich u\u017eite\u010dn\u00fdch idiot\u016f?<\/span> Na to si mus\u00ed ka\u017ed\u00fd z\u00a0n\u00e1s odpov\u011bd\u011bt s\u00e1m za sebe a vyvodit z\u00a0toho pro sebe do budoucna kone\u010dn\u011b ty spr\u00e1vn\u00e9 z\u00e1v\u011bry a rozhodnut\u00ed, proto\u017ee t\u011bch \u0161patn\u00fdch rozhodnut\u00ed, jejich\u017e bohat\u00e9 plody &#8211; jako odm\u011bnu za svoji politickou naivitu, nepou\u010ditelnost a zbab\u011blost &#8211; dnes po z\u00e1sluze skl\u00edz\u00edme, jsme ud\u011blali k\u00a0bezmezn\u00e9 radosti na\u0161ich otrok\u00e1\u0159\u016f u\u017e v\u00edc ne\u017e dost, \u017ee pokud bychom mohli na\u0161i politickou naivitu, nepou\u010ditelnost a zbab\u011blost vyv\u00e1\u017eet, zaplav\u00edme jimi a\u017e po kolena cel\u00fd sv\u011bt\u2026!!! To ostatn\u00ed, co bychom m\u011bli v\u011bd\u011bt, najdeme zde: <\/strong><a href=\"https:\/\/odysee.com\/@otevrisvoumysl:7\/konec-lidstva-jak-ho-planuji-globalni-vudci-cz-titulky:a\">https:\/\/odysee.com\/@otevrisvoumysl:7\/konec-lidstva-jak-ho-planuji-globalni-vudci-cz-titulky:a<\/a><strong>.<\/strong><\/p>\n<p>&nbsp;<\/p>\n","protected":false},"excerpt":{"rendered":"<p>&nbsp; Dotazn\u00edk \u010cesk\u00e9ho rozhlasu \u2013 Eurovolby 2024: Pros\u00edme, uve\u010fte l\u00eddra kandid\u00e1tky nebo jin\u00e9ho relevantn\u00edho p\u0159edstavitele va\u0161eho subjektu, kter\u00e9ho m\u016f\u017eeme citovat jako autora odpov\u011bd\u00ed: Petr Cibulka a jeho politick\u00e1 strana HODNOTOV\u00c9 OPOZICE s nejdel\u0161\u00edm n\u00e1zvem p\u0159\u00edsn\u011b programov\u00e9ho charakteru na sv\u011bt\u011b: Volte Prav\u00fd Blok &#8211; stranu za snadnou a rychlou ODVOLATELNOST politik\u016f a st\u00e1tn\u00edch \u00fa\u0159edn\u00edk\u016f P\u0158\u00cdMO OB\u010cANY, &hellip; <a href=\"https:\/\/voltepravyblok.cz\/?page_id=12\" class=\"more-link\">Pokra\u010dovat ve \u010dten\u00ed<span class=\"screen-reader-text\"> &#8222;Teze&#8220;<\/span><\/a><\/p>\n","protected":false},"author":1,"featured_media":0,"parent":0,"menu_order":0,"comment_status":"closed","ping_status":"closed","template":"","meta":{"footnotes":""},"class_list":["post-12","page","type-page","status-publish","hentry"],"_links":{"self":[{"href":"https:\/\/voltepravyblok.cz\/index.php?rest_route=\/wp\/v2\/pages\/12","targetHints":{"allow":["GET"]}}],"collection":[{"href":"https:\/\/voltepravyblok.cz\/index.php?rest_route=\/wp\/v2\/pages"}],"about":[{"href":"https:\/\/voltepravyblok.cz\/index.php?rest_route=\/wp\/v2\/types\/page"}],"author":[{"embeddable":true,"href":"https:\/\/voltepravyblok.cz\/index.php?rest_route=\/wp\/v2\/users\/1"}],"replies":[{"embeddable":true,"href":"https:\/\/voltepravyblok.cz\/index.php?rest_route=%2Fwp%2Fv2%2Fcomments&post=12"}],"version-history":[{"count":4,"href":"https:\/\/voltepravyblok.cz\/index.php?rest_route=\/wp\/v2\/pages\/12\/revisions"}],"predecessor-version":[{"id":66,"href":"https:\/\/voltepravyblok.cz\/index.php?rest_route=\/wp\/v2\/pages\/12\/revisions\/66"}],"wp:attachment":[{"href":"https:\/\/voltepravyblok.cz\/index.php?rest_route=%2Fwp%2Fv2%2Fmedia&parent=12"}],"curies":[{"name":"wp","href":"https:\/\/api.w.org\/{rel}","templated":true}]}}